{"id":33441,"date":"2025-04-24T03:07:16","date_gmt":"2025-04-23T19:07:16","guid":{"rendered":"https:\/\/mediumseagreen-grouse-164936.hostingersite.com\/?post_type=product&#038;p=33441"},"modified":"2025-06-26T14:51:22","modified_gmt":"2025-06-26T06:51:22","slug":"champu-extra-audace-regan","status":"publish","type":"product","link":"https:\/\/doctoroncall-shop.dev.alphapod.com\/es\/farmacia-2\/champu-extra-audace-regan\/","title":{"rendered":"Champ\u00fa Audace Regan Extra"},"content":{"rendered":"<h2>Introducci\u00f3n<\/h2>\n<p>\u00bfEst\u00e1s luchando contra el debilitamiento del cabello y est\u00e1s intentando impulsar un crecimiento saludable? <strong>Champ\u00fa Audace Regan Extra<\/strong> Es tu champ\u00fa estrella para el cuidado capilar diario, especialmente formulado para limpiar con suavidad y promover un cuero cabelludo m\u00e1s saludable. Repleto de ingredientes efectivos, este champ\u00fa ayuda a reducir la ca\u00edda del cabello y promueve un cabello m\u00e1s fuerte y con m\u00e1s volumen con el uso regular. Es de acci\u00f3n r\u00e1pida, apto para uso diario y es muy popular entre los usuarios por su toque nutritivo que revitaliza el cabello fino y cansado. Aunque algunas personas pueden experimentar sequedad leve, irritaci\u00f3n o una breve sensaci\u00f3n de hormigueo, estos efectos suelen ser temporales; en general, es una soluci\u00f3n suave dise\u00f1ada para ayudarte a recuperar la confianza en tu cabello.<\/p>\n<h2>Usos<\/h2>\n<p><strong>Champ\u00fa Audace Regan Extra<\/strong> Se utiliza para limpiar el cuero cabelludo y reducir la ca\u00edda del cabello, lo que lo hace popular entre quienes sufren de p\u00e9rdida de cabello o ra\u00edces debilitadas. Es ideal para quienes buscan una forma f\u00e1cil y econ\u00f3mica de mejorar la salud del cuero cabelludo y estimular el crecimiento del cabello sin qu\u00edmicos agresivos.<\/p>\n<h2>Beneficios<\/h2>\n<ul>\n<li>Favorece un cuero cabelludo y un crecimiento del cabello m\u00e1s saludables.<\/li>\n<li>Reduce la ca\u00edda del cabello y fortalece las ra\u00edces d\u00e9biles.<\/li>\n<li>Cl\u00ednicamente probado y confiable en el sudeste asi\u00e1tico<\/li>\n<li>Libre de sulfatos y qu\u00edmicos agresivos.<\/li>\n<li>Con certificaci\u00f3n Halal y apto para uso diario.<\/li>\n<li>Deja el cuero cabelludo limpio y fresco.<\/li>\n<\/ul>\n<h2>C\u00f3mo funciona<\/h2>\n<p><strong>Champ\u00fa Audace Regan Extra<\/strong> Act\u00faa limpiando suavemente el cuero cabelludo, eliminando el exceso de grasa, suciedad y acumulaciones que pueden obstruir los fol\u00edculos y dificultar el crecimiento del cabello. Su f\u00f3rmula \u00fanica estimula la circulaci\u00f3n sangu\u00ednea desde la ra\u00edz, a la vez que aporta nutrientes esenciales directamente a los fol\u00edculos pilosos, creando un entorno f\u00e9rtil para el crecimiento de un cabello m\u00e1s fuerte y sano.<\/p>\n<h2>Ingredientes \/ Ingredientes activos<\/h2>\n<p>Este champ\u00fa contiene una mezcla de extractos activos de hierbas y bot\u00e1nicos, que incluyen:<\/p>\n<ul>\n<li>Extracto de ra\u00edz de Panax Ginseng<\/li>\n<li>\u00c1cido salic\u00edlico<\/li>\n<li>Mentol<\/li>\n<li>PCA de zinc<\/li>\n<\/ul>\n<p>Estos ingredientes trabajan juntos para calmar el cuero cabelludo, destapar los fol\u00edculos pilosos y mejorar la microcirculaci\u00f3n del cuero cabelludo, promoviendo una salud \u00f3ptima del cabello.<\/p>\n<h2>Dosificaci\u00f3n<\/h2>\n<p>\u00daselo una vez al d\u00eda o cada dos d\u00edas, seg\u00fan el estado de su cabello. Para obtener mejores resultados, siga el tratamiento de forma constante durante varias semanas para ver un mejor volumen y una menor ca\u00edda del cabello.<\/p>\n<h2>Modo de empleo<\/h2>\n<p>Aplique una peque\u00f1a cantidad sobre el cuero cabelludo y el cabello h\u00famedos. Masajee suavemente con movimientos circulares durante 2-3 minutos y luego enjuague bien. Evite el contacto con los ojos.<\/p>\n<h2>Efectos secundarios<\/h2>\n<ul>\n<li>Sequedad leve del cuero cabelludo<\/li>\n<li>Sensaci\u00f3n temporal de picaz\u00f3n u hormigueo<\/li>\n<li>Ligero enrojecimiento en zonas sensibles.<\/li>\n<\/ul>\n<h2>Precauciones<\/h2>\n<ul>\n<li>S\u00f3lo para uso externo<\/li>\n<li>Evitar el contacto con los ojos.<\/li>\n<li>Suspender si se produce irritaci\u00f3n grave.<\/li>\n<li>Mantener fuera del alcance de los ni\u00f1os.<\/li>\n<\/ul>\n<h2>Preguntas frecuentes<\/h2>\n<dl>\n<dt><strong>1. \u00bfD\u00f3nde puedo comprar el champ\u00fa Audace Regan Extra en Malasia?<\/strong><\/dt>\n<dd>Puede comprar el champ\u00fa Audace directamente a trav\u00e9s de nuestra farmacia en l\u00ednea con entrega a nivel nacional en Malasia.<\/dd>\n<dt><strong>2. \u00bfEl champ\u00fa Audace Regan Extra es adecuado tanto para hombres como para mujeres?<\/strong><\/dt>\n<dd>\u00a1S\u00ed! Audace Regan est\u00e1 especialmente formulado para todos los adultos, independientemente de su g\u00e9nero.<\/dd>\n<dt><strong>3. \u00bfPuedo utilizar este producto junto con otros tratamientos para el cabello?<\/strong><\/dt>\n<dd>Por supuesto. Solo aseg\u00farate de que no haya superposici\u00f3n de ingredientes activos fuertes para evitar sensibilidades en el cuero cabelludo.<\/dd>\n<dt><strong>4. \u00bfEl champ\u00fa Audace Regan Extra tiene certificaci\u00f3n Halal?<\/strong><\/dt>\n<dd>S\u00ed, tiene certificaci\u00f3n Halal y es apto para usuarios musulmanes.<\/dd>\n<dt><strong>5. \u00bfCu\u00e1nto tiempo pasar\u00e1 hasta que empiece a notar resultados?<\/strong><\/dt>\n<dd>La mayor\u00eda de los usuarios comienzan a notar una mejora en el estado del cuero cabelludo y una reducci\u00f3n en la ca\u00edda del cabello entre 3 y 4 semanas de uso constante.<\/dd>\n<dt><strong>6. \u00bfPueden los clientes internacionales pedir este producto?<\/strong><\/dt>\n<dd>S\u00ed, ofrecemos env\u00edo global para que nuestros clientes internacionales puedan disfrutar de los beneficios del champ\u00fa Audace Regan Extra.<\/dd>\n<dt><strong>7. \u00bfTambi\u00e9n ayuda con la caspa?<\/strong><\/dt>\n<dd>S\u00ed, gracias a ingredientes como el \u00e1cido salic\u00edlico y el mentol, tambi\u00e9n proporciona un alivio leve de los problemas de descamaci\u00f3n del cuero cabelludo.<\/dd>\n<dt><strong>8. \u00bfC\u00f3mo utilizar el t\u00f3nico capilar Audace Regan?<\/strong><\/dt>\n<dd>Para usar el t\u00f3nico capilar Audace Regan, aplique una peque\u00f1a cantidad directamente en el cuero cabelludo y masajee suavemente. \u00daselo a diario para promover un crecimiento capilar m\u00e1s sano y combatir el debilitamiento o la ca\u00edda del cabello.<\/dd>\n<\/dl>\n<h2>Art\u00edculo corto<\/h2>\n<p>Descubra el secreto para un cabello revitalizado y con m\u00e1s volumen con <strong>Champ\u00fa Audace Regan Extra<\/strong>Una soluci\u00f3n especialmente formulada, de confianza en toda la regi\u00f3n, para mejorar la salud del cuero cabelludo y estimular el crecimiento natural del cabello. Ya sea que experimentes p\u00e9rdida de cabello, ra\u00edces d\u00e9biles o simplemente quieras cuidar su salud capilar, este champ\u00fa de uso diario ofrece una soluci\u00f3n inteligente y econ\u00f3mica que se adapta perfectamente a tu rutina.<\/p>\n<p>\u00bfQu\u00e9 hace? <strong>Champ\u00fa Audace Regan Extra<\/strong> Destaca su f\u00f3rmula estimulante del cuero cabelludo, potenciada con ingredientes activos naturales como Panax Ginseng y \u00e1cido salic\u00edlico. Dise\u00f1ada para eliminar suavemente las impurezas y estimular la circulaci\u00f3n en las ra\u00edces, facilita el crecimiento de un cabello nuevo y m\u00e1s fuerte. A diferencia de muchos champ\u00fas agresivos que pueden deshidratar el cabello, Audace Regan mantiene la hidrataci\u00f3n mientras limpia profundamente, dejando el cuero cabelludo fresco y el cabello m\u00e1s resistente con el tiempo.<\/p>\n<p>Cl\u00ednicamente probado y con certificaci\u00f3n halal, es una opci\u00f3n segura para usuarios de todos los \u00e1mbitos. Ya seas un profesional ocupado, un estudiante estresado por la ca\u00edda del cabello o alguien que simplemente busca una forma limpia y efectiva de controlar el adelgazamiento del cabello, este producto es perfecto para ti. Adem\u00e1s, es lo suficientemente suave para uso diario y funciona de maravilla con la mayor\u00eda de los tratamientos capilares.<\/p>\n<p>Algunos usuarios pueden experimentar un ligero hormigueo o sequedad al principio, pero la mayor\u00eda nota que estos efectos secundarios desaparecen tras unos pocos usos. Con la aplicaci\u00f3n regular y el cuidado adecuado, probablemente notar\u00e1 una mejor textura del cabello y una menor ca\u00edda en un mes.<\/p>\n<p>\u00bfPor qu\u00e9 conformarte con menos cuando puedes invertir en tu cabello con confianza? Con una reputaci\u00f3n basada en resultados reales y un rendimiento confiable, <strong>Champ\u00fa Audace Regan Extra<\/strong> Es el siguiente paso hacia un cabello m\u00e1s saludable. Compra ahora en nuestra farmacia en l\u00ednea en Malasia. Disponible localmente y con env\u00edos a todo el mundo. Tu cabello perfecto est\u00e1 a solo una botella de distancia.<\/p>","protected":false},"excerpt":{"rendered":"<p>Introduction Struggling with thinning hair and trying to kickstart healthy growth? Audace Regan Extra Shampoo is your everyday hair-care hero, specially formulated to gently cleanse while supporting a healthier scalp environment. Packed with effective ingredients, this shampoo helps reduce hair fall and promotes stronger, fuller-looking hair with regular use. It\u2019s fast-acting, suitable for daily use, [&hellip;]<\/p>","protected":false},"featured_media":33481,"comment_status":"closed","ping_status":"closed","template":"","meta":[],"product_brand":[],"product_cat":[12834,12854,3401],"product_tag":[304,8558,3588,776,666,8560,3589,3590,321,3591],"ts_product_brand":[],"class_list":{"0":"post-33441","1":"product","2":"type-product","3":"status-publish","4":"has-post-thumbnail","6":"product_cat-hair-essentials","7":"product_cat-hair-shampoo","8":"product_cat-personal-care","9":"product_tag-apply-voucher","10":"product_tag-brandaudace","11":"product_tag-hchair-care","12":"product_tag-healthlane-newitems","13":"product_tag-liquid","14":"product_tag-manufactureraudace-industries-co-ltd","15":"product_tag-pc-l1-hair-essentials","16":"product_tag-pc-l2-hair-shampoo","17":"product_tag-seo1","18":"product_tag-subcathair-shampoo","20":"first","21":"instock","22":"sale","23":"taxable","24":"shipping-taxable","25":"purchasable","26":"product-type-variable"},"_links":{"self":[{"href":"https:\/\/doctoroncall-shop.dev.alphapod.com\/es\/wp-json\/wp\/v2\/product\/33441","targetHints":{"allow":["GET"]}}],"collection":[{"href":"https:\/\/doctoroncall-shop.dev.alphapod.com\/es\/wp-json\/wp\/v2\/product"}],"about":[{"href":"https:\/\/doctoroncall-shop.dev.alphapod.com\/es\/wp-json\/wp\/v2\/types\/product"}],"replies":[{"embeddable":true,"href":"https:\/\/doctoroncall-shop.dev.alphapod.com\/es\/wp-json\/wp\/v2\/comments?post=33441"}],"wp:featuredmedia":[{"embeddable":true,"href":"https:\/\/doctoroncall-shop.dev.alphapod.com\/es\/wp-json\/wp\/v2\/media\/33481"}],"wp:attachment":[{"href":"https:\/\/doctoroncall-shop.dev.alphapod.com\/es\/wp-json\/wp\/v2\/media?parent=33441"}],"wp:term":[{"taxonomy":"product_brand","embeddable":true,"href":"https:\/\/doctoroncall-shop.dev.alphapod.com\/es\/wp-json\/wp\/v2\/product_brand?post=33441"},{"taxonomy":"product_cat","embeddable":true,"href":"https:\/\/doctoroncall-shop.dev.alphapod.com\/es\/wp-json\/wp\/v2\/product_cat?post=33441"},{"taxonomy":"product_tag","embeddable":true,"href":"https:\/\/doctoroncall-shop.dev.alphapod.com\/es\/wp-json\/wp\/v2\/product_tag?post=33441"},{"taxonomy":"ts_product_brand","embeddable":true,"href":"https:\/\/doctoroncall-shop.dev.alphapod.com\/es\/wp-json\/wp\/v2\/ts_product_brand?post=33441"}],"curies":[{"name":"gracias","href":"https:\/\/api.w.org\/{rel}","templated":true}]}}